{"id":2,"date":"2024-01-29T11:23:14","date_gmt":"2024-01-29T10:23:14","guid":{"rendered":"https:\/\/bnb.ga\/?page_id=2"},"modified":"2024-02-02T11:17:25","modified_gmt":"2024-02-02T10:17:25","slug":"page-d-exemple","status":"publish","type":"page","link":"https:\/\/bnb.ga\/","title":{"rendered":"Site de location BNB ou longs termes"},"content":{"rendered":"\t\t<div data-elementor-type=\"wp-page\" data-elementor-id=\"2\" class=\"elementor elementor-2\">\n\t\t\t\t<div class=\"elementor-element elementor-element-3148c1b e-con-full e-flex e-con e-parent\" data-id=\"3148c1b\" data-element_type=\"container\" data-e-type=\"container\">\n\t\t\t\t<div class=\"elementor-element elementor-element-95796cb elementor-widget elementor-widget-image\" data-id=\"95796cb\" data-element_type=\"widget\" data-e-type=\"widget\" data-widget_type=\"image.default\">\n\t\t\t\t<div class=\"elementor-widget-container\">\n\t\t\t\t\t\t\t\t\t\t\t\t\t\t\t<img fetchpriority=\"high\" decoding=\"async\" width=\"867\" height=\"576\" src=\"https:\/\/bnb.ga\/wp-content\/uploads\/2024\/02\/exterieur.png\" class=\"attachment-large size-large wp-image-71\" alt=\"\" srcset=\"https:\/\/bnb.ga\/wp-content\/uploads\/2024\/02\/exterieur.png 867w, https:\/\/bnb.ga\/wp-content\/uploads\/2024\/02\/exterieur-300x199.png 300w, https:\/\/bnb.ga\/wp-content\/uploads\/2024\/02\/exterieur-768x510.png 768w\" sizes=\"(max-width: 867px) 100vw, 867px\" \/>\t\t\t\t\t\t\t\t\t\t\t\t\t\t\t<\/div>\n\t\t\t\t<\/div>\n\t\t\t\t<\/div>\n\t\t<div class=\"elementor-element elementor-element-5455349a e-con-full e-flex e-con e-parent\" data-id=\"5455349a\" data-element_type=\"container\" data-e-type=\"container\">\n\t\t\t\t<div class=\"elementor-element elementor-element-183a3b29 elementor-widget elementor-widget-text-editor\" data-id=\"183a3b29\" data-element_type=\"widget\" data-e-type=\"widget\" data-widget_type=\"text-editor.default\">\n\t\t\t\t<div class=\"elementor-widget-container\">\n\t\t\t\t\t\t\t\t\t<p><\/p>\n<p>Nous vous proposons des appartements meubl\u00e9s rez de chauss\u00e9e ou \u00e0 l&rsquo;\u00e9tage&nbsp;avec les comodit\u00e9es.<br>Des services vous sont aussi propos\u00e9s afin de garantir votre bien \u00eatre.<\/p>\n<p><\/p>\n<ul class=\"wp-block-list\"><p><\/p>\n<li>Changement de draps<\/li>\n<p><\/p>\n<li>M\u00e9nage<\/li>\n<p><\/p>\n<li>Petits d\u00e9jeuners<\/li>\n<p><\/p>\n<li>Services \u00e0 la personne<\/li>\n<p><\/p><\/ul>\n<p><\/p>\n<p><\/p>\t\t\t\t\t\t\t\t<\/div>\n\t\t\t\t<\/div>\n\t\t\t\t<\/div>\n\t\t\t\t<\/div>\n\t\t","protected":false},"excerpt":{"rendered":"<p>Nous vous proposons des appartements meubl\u00e9s rez de chauss\u00e9e ou \u00e0 l&rsquo;\u00e9tage&nbsp;avec les comodit\u00e9es.Des services vous sont aussi propos\u00e9s afin de garantir votre bien \u00eatre.<\/p>\n","protected":false},"author":1,"featured_media":0,"parent":0,"menu_order":0,"comment_status":"closed","ping_status":"open","template":"","meta":{"footnotes":""},"class_list":["post-2","page","type-page","status-publish","hentry","entry"],"_links":{"self":[{"href":"https:\/\/bnb.ga\/index.php?rest_route=\/wp\/v2\/pages\/2","targetHints":{"allow":["GET"]}}],"collection":[{"href":"https:\/\/bnb.ga\/index.php?rest_route=\/wp\/v2\/pages"}],"about":[{"href":"https:\/\/bnb.ga\/index.php?rest_route=\/wp\/v2\/types\/page"}],"author":[{"embeddable":true,"href":"https:\/\/bnb.ga\/index.php?rest_route=\/wp\/v2\/users\/1"}],"replies":[{"embeddable":true,"href":"https:\/\/bnb.ga\/index.php?rest_route=%2Fwp%2Fv2%2Fcomments&post=2"}],"version-history":[{"count":12,"href":"https:\/\/bnb.ga\/index.php?rest_route=\/wp\/v2\/pages\/2\/revisions"}],"predecessor-version":[{"id":80,"href":"https:\/\/bnb.ga\/index.php?rest_route=\/wp\/v2\/pages\/2\/revisions\/80"}],"wp:attachment":[{"href":"https:\/\/bnb.ga\/index.php?rest_route=%2Fwp%2Fv2%2Fmedia&parent=2"}],"curies":[{"name":"wp","href":"https:\/\/api.w.org\/{rel}","templated":true}]}}